{"id":39,"date":"2026-04-27T10:50:27","date_gmt":"2026-04-27T08:50:27","guid":{"rendered":"https:\/\/www.mach-mit-essen.de\/?page_id=39"},"modified":"2026-04-27T21:37:48","modified_gmt":"2026-04-27T19:37:48","slug":"home","status":"publish","type":"page","link":"https:\/\/www.mach-mit-essen.de\/","title":{"rendered":"Home"},"content":{"rendered":"\n<figure class=\"wp-block-image size-large is-resized\"><img loading=\"lazy\" decoding=\"async\" width=\"1024\" height=\"410\" src=\"https:\/\/www.mach-mit-essen.de\/wp-content\/uploads\/2026\/04\/Banner-startseite-1024x410.png\" alt=\"\" class=\"wp-image-135\" style=\"aspect-ratio:1.9176368821362142;width:1600px;height:auto\" srcset=\"https:\/\/www.mach-mit-essen.de\/wp-content\/uploads\/2026\/04\/Banner-startseite-1024x410.png 1024w, https:\/\/www.mach-mit-essen.de\/wp-content\/uploads\/2026\/04\/Banner-startseite-300x120.png 300w, https:\/\/www.mach-mit-essen.de\/wp-content\/uploads\/2026\/04\/Banner-startseite-768x307.png 768w, https:\/\/www.mach-mit-essen.de\/wp-content\/uploads\/2026\/04\/Banner-startseite-1536x614.png 1536w, https:\/\/www.mach-mit-essen.de\/wp-content\/uploads\/2026\/04\/Banner-startseite.png 2000w\" sizes=\"auto, (max-width: 1024px) 100vw, 1024px\" \/><\/figure>\n\n\n\n<h2 class=\"wp-block-heading has-text-align-center\">Gemeinsam Essen gestalten<\/h2>\n\n\n<h1 class=\"has-text-align-center wp-block-site-title\"><a href=\"https:\/\/www.mach-mit-essen.de\" target=\"_self\" rel=\"home\">DEINE IDEE I DEINE STADT<\/a><\/h1>\n\n\n<h3 class=\"wp-block-heading has-text-align-center\"><strong>Mach mit! Essen<\/strong> ist der <strong>Think &amp; Do Tank<\/strong> f\u00fcr alle, die ihre Stadt aktiv mitgestalten wollen. Ob Stadtbegr\u00fcnung, digitale L\u00f6sungen oder mehr Demokratie: Hier finden Ideen Partner:innen, Ressourcen und Raum zur Umsetzung. <strong>Von B\u00fcrger:innen. F\u00fcr Essen.<\/strong><\/h3>\n\n\n\n<p class=\"has-text-align-center\"><\/p>\n\n\n\n<p><\/p>\n\n\n\n<hr class=\"wp-block-separator has-alpha-channel-opacity\"\/>\n\n\n\n<h2 class=\"wp-block-heading has-text-align-center\">Unsere Projekte<\/h2>\n\n\n\n<h3 class=\"wp-block-heading has-text-align-center\"><strong>Ob Begr\u00fcnung, Demokratie oder Digitales: Hier werden aus Ideen Projekte.<\/strong><\/h3>\n\n\n\n<div class=\"wp-block-media-text is-stacked-on-mobile\"><figure class=\"wp-block-media-text__media\"><img loading=\"lazy\" decoding=\"async\" width=\"1024\" height=\"1024\" src=\"https:\/\/www.mach-mit-essen.de\/wp-content\/uploads\/2026\/04\/Demokratie-1024x1024.png\" alt=\"\" class=\"wp-image-156 size-full\" srcset=\"https:\/\/www.mach-mit-essen.de\/wp-content\/uploads\/2026\/04\/Demokratie-1024x1024.png 1024w, https:\/\/www.mach-mit-essen.de\/wp-content\/uploads\/2026\/04\/Demokratie-300x300.png 300w, https:\/\/www.mach-mit-essen.de\/wp-content\/uploads\/2026\/04\/Demokratie-150x150.png 150w, https:\/\/www.mach-mit-essen.de\/wp-content\/uploads\/2026\/04\/Demokratie-768x768.png 768w, https:\/\/www.mach-mit-essen.de\/wp-content\/uploads\/2026\/04\/Demokratie-1536x1536.png 1536w, https:\/\/www.mach-mit-essen.de\/wp-content\/uploads\/2026\/04\/Demokratie-2048x2048.png 2048w\" sizes=\"auto, (max-width: 1024px) 100vw, 1024px\" \/><\/figure><div class=\"wp-block-media-text__content\">\n<h3 class=\"wp-block-heading\">Viele junge Menschen f\u00fchlen sich von Politik und Mitgestaltung ausgeschlossen, dabei braucht unsere Stadt genau ihre Ideen! In diesem Projekt lernst du, wie du <strong>deine Stimme h\u00f6rbar machst<\/strong> und gemeinsam mit anderen <strong>konkrete Projekte<\/strong> f\u00fcr mehr Beteiligung, Vielfalt und gesellschaftlichen Zusammenhalt umsetzt. Ob in Workshops, Ideathons oder bei \u00f6ffentlichen Pr\u00e4sentationen: Hier wird Demokratie <strong>nicht nur diskutiert, sondern gelebt<\/strong>.<\/h3>\n<\/div><\/div>\n\n\n\n<div class=\"wp-block-media-text has-media-on-the-right is-stacked-on-mobile\"><div class=\"wp-block-media-text__content\">\n<h3 class=\"wp-block-heading\">Digitalisierung pr\u00e4gt unseren Alltag, doch wer entscheidet, wie sie unsere Stadt ver\u00e4ndert? In diesem Projekt entwickeln <strong>B\u00fcrger:innen digitale L\u00f6sungen<\/strong> f\u00fcr Essen: von Apps f\u00fcr nachhaltige Mobilit\u00e4t bis zu Plattformen f\u00fcr mehr Transparenz. <strong>Ob Programmieren, Design oder Projektmanagement<\/strong>, hier lernst du, wie Technologie <strong>konkrete Probleme l\u00f6st<\/strong> und setzt deine Ideen direkt um. <strong>Von der Skizze zum Prototypen, gemeinsam gestalten wir die digitale Zukunft Essens.<\/strong><\/h3>\n<\/div><figure class=\"wp-block-media-text__media\"><img loading=\"lazy\" decoding=\"async\" width=\"1024\" height=\"1024\" src=\"https:\/\/www.mach-mit-essen.de\/wp-content\/uploads\/2026\/04\/Digiales-1024x1024.png\" alt=\"\" class=\"wp-image-157 size-full\" srcset=\"https:\/\/www.mach-mit-essen.de\/wp-content\/uploads\/2026\/04\/Digiales-1024x1024.png 1024w, https:\/\/www.mach-mit-essen.de\/wp-content\/uploads\/2026\/04\/Digiales-300x300.png 300w, https:\/\/www.mach-mit-essen.de\/wp-content\/uploads\/2026\/04\/Digiales-150x150.png 150w, https:\/\/www.mach-mit-essen.de\/wp-content\/uploads\/2026\/04\/Digiales-768x768.png 768w, https:\/\/www.mach-mit-essen.de\/wp-content\/uploads\/2026\/04\/Digiales-1536x1536.png 1536w, https:\/\/www.mach-mit-essen.de\/wp-content\/uploads\/2026\/04\/Digiales-2048x2048.png 2048w\" sizes=\"auto, (max-width: 1024px) 100vw, 1024px\" \/><\/figure><\/div>\n\n\n\n<div class=\"wp-block-media-text is-stacked-on-mobile\"><figure class=\"wp-block-media-text__media\"><img loading=\"lazy\" decoding=\"async\" width=\"1024\" height=\"1024\" src=\"https:\/\/www.mach-mit-essen.de\/wp-content\/uploads\/2026\/04\/Level-up-1024x1024.png\" alt=\"\" class=\"wp-image-160 size-full\" srcset=\"https:\/\/www.mach-mit-essen.de\/wp-content\/uploads\/2026\/04\/Level-up-1024x1024.png 1024w, https:\/\/www.mach-mit-essen.de\/wp-content\/uploads\/2026\/04\/Level-up-300x300.png 300w, https:\/\/www.mach-mit-essen.de\/wp-content\/uploads\/2026\/04\/Level-up-150x150.png 150w, https:\/\/www.mach-mit-essen.de\/wp-content\/uploads\/2026\/04\/Level-up-768x768.png 768w, https:\/\/www.mach-mit-essen.de\/wp-content\/uploads\/2026\/04\/Level-up-1536x1536.png 1536w, https:\/\/www.mach-mit-essen.de\/wp-content\/uploads\/2026\/04\/Level-up-2048x2048.png 2048w\" sizes=\"auto, (max-width: 1024px) 100vw, 1024px\" \/><\/figure><div class=\"wp-block-media-text__content\">\n<h3 class=\"wp-block-heading\">&#8222;<strong>Level Up \u2013 The Female Ideathon\u201c<\/strong><br>Viele Frauen haben <strong>gro\u00dfe Ideen<\/strong>, doch oft fehlen <strong>R\u00e4ume, Netzwerke oder Unterst\u00fctzung<\/strong>, um sie umzusetzen. <em>\u201eLevel Up\u201c<\/em> schafft genau das: einen <strong>Innovationsraum f\u00fcr Frauen<\/strong>, in dem Projektideen, von Gr\u00fcndungen bis zu gesellschaftlichen Initiativen, <strong>sichtbar, stark und real<\/strong> werden. <strong>Mit Mentor:innen, Netzwerken und praktischer Begleitung<\/strong> setzt du deine Vision in die Tat um. <\/h3>\n<\/div><\/div>\n\n\n\n<div class=\"wp-block-media-text has-media-on-the-right is-stacked-on-mobile\"><div class=\"wp-block-media-text__content\">\n<h3 class=\"wp-block-heading\">Viele Stra\u00dfen in Essen sind <strong>trist und unpers\u00f6nlich<\/strong>, dabei sehnen sich Anwohner:innen nach <strong>mehr Gr\u00fcn, Gemeinschaft und Lebensfreude<\/strong>. <em>\u201eAufbl\u00fchen\u201c<\/em> bringt Nachbar:innen zusammen, um <strong>ihre eigene Stra\u00dfe oder ihr Quartier aktiv zu versch\u00f6nern<\/strong>: mit Begr\u00fcnung, Sitzgelegenheiten, Kunst oder Gemeinschaftsg\u00e4rten. <strong>Mit Workshops, Material und Unterst\u00fctzung<\/strong> setzen wir Ideen um, von der ersten Skizze bis zur fertigen Oase.<\/h3>\n<\/div><figure class=\"wp-block-media-text__media\"><img loading=\"lazy\" decoding=\"async\" width=\"1024\" height=\"1024\" src=\"https:\/\/www.mach-mit-essen.de\/wp-content\/uploads\/2026\/04\/Aufbluehen-2-1024x1024.png\" alt=\"\" class=\"wp-image-161 size-full\" srcset=\"https:\/\/www.mach-mit-essen.de\/wp-content\/uploads\/2026\/04\/Aufbluehen-2-1024x1024.png 1024w, https:\/\/www.mach-mit-essen.de\/wp-content\/uploads\/2026\/04\/Aufbluehen-2-300x300.png 300w, https:\/\/www.mach-mit-essen.de\/wp-content\/uploads\/2026\/04\/Aufbluehen-2-150x150.png 150w, https:\/\/www.mach-mit-essen.de\/wp-content\/uploads\/2026\/04\/Aufbluehen-2-768x768.png 768w, https:\/\/www.mach-mit-essen.de\/wp-content\/uploads\/2026\/04\/Aufbluehen-2-1536x1536.png 1536w, https:\/\/www.mach-mit-essen.de\/wp-content\/uploads\/2026\/04\/Aufbluehen-2-2048x2048.png 2048w\" sizes=\"auto, (max-width: 1024px) 100vw, 1024px\" \/><\/figure><\/div>\n\n\n\n<p><\/p>\n\n\n<div class=\"wp-block-calendar\"><table id=\"wp-calendar\" class=\"wp-calendar-table\">\n\t<caption>Mai 2026<\/caption>\n\t<thead>\n\t<tr>\n\t\t<th scope=\"col\" aria-label=\"Montag\">M<\/th>\n\t\t<th scope=\"col\" aria-label=\"Dienstag\">D<\/th>\n\t\t<th scope=\"col\" aria-label=\"Mittwoch\">M<\/th>\n\t\t<th scope=\"col\" aria-label=\"Donnerstag\">D<\/th>\n\t\t<th scope=\"col\" aria-label=\"Freitag\">F<\/th>\n\t\t<th scope=\"col\" aria-label=\"Samstag\">S<\/th>\n\t\t<th scope=\"col\" aria-label=\"Sonntag\">S<\/th>\n\t<\/tr>\n\t<\/thead>\n\t<tbody>\n\t<tr>\n\t\t<td colspan=\"4\" class=\"pad\">&nbsp;<\/td><td>1<\/td><td>2<\/td><td>3<\/td>\n\t<\/tr>\n\t<tr>\n\t\t<td>4<\/td><td>5<\/td><td>6<\/td><td>7<\/td><td>8<\/td><td>9<\/td><td>10<\/td>\n\t<\/tr>\n\t<tr>\n\t\t<td>11<\/td><td>12<\/td><td>13<\/td><td id=\"today\">14<\/td><td>15<\/td><td>16<\/td><td>17<\/td>\n\t<\/tr>\n\t<tr>\n\t\t<td>18<\/td><td>19<\/td><td>20<\/td><td>21<\/td><td>22<\/td><td>23<\/td><td>24<\/td>\n\t<\/tr>\n\t<tr>\n\t\t<td>25<\/td><td>26<\/td><td>27<\/td><td>28<\/td><td>29<\/td><td>30<\/td><td>31<\/td>\n\t<\/tr>\n\t<\/tbody>\n\t<\/table><nav aria-label=\"Vorherige und n\u00e4chste Monate\" class=\"wp-calendar-nav\">\n\t\t<span class=\"wp-calendar-nav-prev\"><a href=\"https:\/\/www.mach-mit-essen.de\/?m=202604\">&laquo; Apr.<\/a><\/span>\n\t\t<span class=\"pad\">&nbsp;<\/span>\n\t\t<span class=\"wp-calendar-nav-next\">&nbsp;<\/span>\n\t<\/nav><\/div>","protected":false},"excerpt":{"rendered":"<p>Gemeinsam Essen gestalten Mach mit! Essen ist der Think &amp; Do Tank f\u00fcr alle, die ihre Stadt aktiv mitgestalten wollen. [&hellip;]<\/p>\n","protected":false},"author":1,"featured_media":0,"parent":0,"menu_order":0,"comment_status":"closed","ping_status":"closed","template":"","meta":{"site-sidebar-layout":"default","site-content-layout":"","ast-site-content-layout":"default","site-content-style":"default","site-sidebar-style":"default","ast-global-header-display":"","ast-banner-title-visibility":"","ast-main-header-display":"","ast-hfb-above-header-display":"","ast-hfb-below-header-display":"","ast-hfb-mobile-header-display":"","site-post-title":"disabled","ast-breadcrumbs-content":"","ast-featured-img":"","footer-sml-layout":"","ast-disable-related-posts":"","theme-transparent-header-meta":"","adv-header-id-meta":"","stick-header-meta":"","header-above-stick-meta":"","header-main-stick-meta":"","header-below-stick-meta":"","astra-migrate-meta-layouts":"default","ast-page-background-enabled":"default","ast-page-background-meta":{"desktop":{"background-color":"var(--ast-global-color-5)","background-image":"","background-repeat":"repeat","background-position":"center center","background-size":"auto","background-attachment":"scroll","background-type":"","background-media":"","overlay-type":"","overlay-color":"","overlay-opacity":"","overlay-gradient":""},"tablet":{"background-color":"","background-image":"","background-repeat":"repeat","background-position":"center center","background-size":"auto","background-attachment":"scroll","background-type":"","background-media":"","overlay-type":"","overlay-color":"","overlay-opacity":"","overlay-gradient":""},"mobile":{"background-color":"","background-image":"","background-repeat":"repeat","background-position":"center center","background-size":"auto","background-attachment":"scroll","background-type":"","background-media":"","overlay-type":"","overlay-color":"","overlay-opacity":"","overlay-gradient":""}},"ast-content-background-meta":{"desktop":{"background-color":"var(--ast-global-color-4)","background-image":"","background-repeat":"repeat","background-position":"center center","background-size":"auto","background-attachment":"scroll","background-type":"","background-media":"","overlay-type":"","overlay-color":"","overlay-opacity":"","overlay-gradient":""},"tablet":{"background-color":"var(--ast-global-color-4)","background-image":"","background-repeat":"repeat","background-position":"center center","background-size":"auto","background-attachment":"scroll","background-type":"","background-media":"","overlay-type":"","overlay-color":"","overlay-opacity":"","overlay-gradient":""},"mobile":{"background-color":"var(--ast-global-color-4)","background-image":"","background-repeat":"repeat","background-position":"center center","background-size":"auto","background-attachment":"scroll","background-type":"","background-media":"","overlay-type":"","overlay-color":"","overlay-opacity":"","overlay-gradient":""}},"footnotes":""},"class_list":["post-39","page","type-page","status-publish","hentry"],"_links":{"self":[{"href":"https:\/\/www.mach-mit-essen.de\/index.php?rest_route=\/wp\/v2\/pages\/39","targetHints":{"allow":["GET"]}}],"collection":[{"href":"https:\/\/www.mach-mit-essen.de\/index.php?rest_route=\/wp\/v2\/pages"}],"about":[{"href":"https:\/\/www.mach-mit-essen.de\/index.php?rest_route=\/wp\/v2\/types\/page"}],"author":[{"embeddable":true,"href":"https:\/\/www.mach-mit-essen.de\/index.php?rest_route=\/wp\/v2\/users\/1"}],"replies":[{"embeddable":true,"href":"https:\/\/www.mach-mit-essen.de\/index.php?rest_route=%2Fwp%2Fv2%2Fcomments&post=39"}],"version-history":[{"count":9,"href":"https:\/\/www.mach-mit-essen.de\/index.php?rest_route=\/wp\/v2\/pages\/39\/revisions"}],"predecessor-version":[{"id":179,"href":"https:\/\/www.mach-mit-essen.de\/index.php?rest_route=\/wp\/v2\/pages\/39\/revisions\/179"}],"wp:attachment":[{"href":"https:\/\/www.mach-mit-essen.de\/index.php?rest_route=%2Fwp%2Fv2%2Fmedia&parent=39"}],"curies":[{"name":"wp","href":"https:\/\/api.w.org\/{rel}","templated":true}]}}